{"id":10634,"date":"2021-05-20T20:30:17","date_gmt":"2021-05-20T20:30:17","guid":{"rendered":"https:\/\/www.opikar.com\/product\/sl1-2\/"},"modified":"2024-11-15T20:23:28","modified_gmt":"2024-11-15T20:23:28","slug":"sl1","status":"publish","type":"product","link":"https:\/\/www.opikar.com\/de\/izdelek\/sl1\/","title":{"rendered":"SL1"},"content":{"rendered":"<div class=\"elementor-element elementor-element-ddbed89 description hide-on-select elementor-widget elementor-widget-text-editor\" data-id=\"ddbed89\" data-element_type=\"widget\" data-widget_type=\"text-editor.default\">\n<div class=\"elementor-widget-container\">\n<ul>\n<li>40 mm debeline<\/li>\n<li>Dimenzije; \u0161irina 200-1000 mm, vi\u0161ina 200-3000 mm<\/li>\n<li>CE oznaka<\/li>\n<li>30 Pa testirano<\/li>\n<li>Izdelano v skladu z GMP<\/li>\n<li>Odpornost na ogenj A2-s1-d0, HRN EN 13501-1:2019<\/li>\n<li>Zvo\u010dna izolativnost Rw=31 dB, HRN EN ISO 717-1:1998<\/li>\n<li>6 mm kaljeno steklo SIST EN 12150-2, SIST EN 14179-2<\/li>\n<li>Steklo pobarvano z emajliranimi barvili v skladu z RAL seznamom barv<\/li>\n<li>Motivi in slike visoke lo\u010dljivosti natisnjene z digitalnim kerami\u010dnim \u010drnilom<\/li>\n<li>Izolacija iz kamene volne debeline 33 mm, odpornost na ogenj Euroclass A1, EN 13501-1, visoka gostota 100kg\/m3<\/li>\n<li>Okvir izdelan iz ekstrudiranega aluminija AW6061T6 visoke trdnosti<\/li>\n<li>0,8 mm galvanizirana jeklena plo\u0161\u010da pobarvana v skladu z z RAL lestvico<\/li>\n<li>Mo\u017enost brez zadnje obloge za zni\u017eanje stro\u0161kov<\/li>\n<li>Za vi\u0161ine nad 600 mm vertikalne oja\u010ditve znotraj steklenega panela<\/li>\n<li>Oja\u010ditve za integrirano opremo iz galvaniziranega jekla znotraj steklenega panela<\/li>\n<li>Pre-fabricirane odprtine za opremo<\/li>\n<\/ul>\n<\/div>\n<\/div>\n","protected":false},"excerpt":{"rendered":"<ul>\n<li>40 mm debeline<\/li>\n<li>Dimenzije; \u0161irina 200-1000 mm, vi\u0161ina 200-3000 mm<\/li>\n<li>CE oznaka<\/li>\n<li>30 Pa testirano<\/li>\n<li>Izdelano v skladu z GMP<\/li>\n<li>&#8230;<\/li>\n<\/ul>\n","protected":false},"featured_media":9462,"comment_status":"closed","ping_status":"closed","template":"","meta":{"_acf_changed":false},"product_cat":[186,189],"product_tag":[],"class_list":{"0":"post-10634","1":"product","2":"type-product","3":"status-publish","4":"has-post-thumbnail","6":"product_cat-paneli","7":"product_cat-sl1-250e-m2","9":"first","10":"instock","11":"shipping-taxable","12":"purchasable","13":"product-type-variable","14":"has-default-attributes"},"acf":[],"yoast_head":"<!-- This site is optimized with the Yoast SEO plugin v22.7 - https:\/\/yoast.com\/wordpress\/plugins\/seo\/ -->\n<title>SL1 - OPIKAR<\/title>\n<meta name=\"robots\" content=\"index, follow, max-snippet:-1, max-image-preview:large, max-video-preview:-1\" \/>\n<link rel=\"canonical\" href=\"https:\/\/www.opikar.com\/de\/izdelek\/sl1\/\" \/>\n<meta property=\"og:locale\" content=\"de_DE\" \/>\n<meta property=\"og:type\" content=\"article\" \/>\n<meta property=\"og:title\" content=\"SL1 - OPIKAR\" \/>\n<meta property=\"og:description\" content=\"40 mm debeline  Dimenzije; \u0161irina 200-1000 mm, vi\u0161ina 200-3000 mm  CE oznaka  30 Pa testirano  Izdelano v skladu z GMP  ...\" \/>\n<meta property=\"og:url\" content=\"https:\/\/www.opikar.com\/de\/izdelek\/sl1\/\" \/>\n<meta property=\"og:site_name\" content=\"OPIKAR\" \/>\n<meta property=\"article:modified_time\" content=\"2024-11-15T20:23:28+00:00\" \/>\n<meta property=\"og:image\" content=\"https:\/\/www.opikar.com\/wp-content\/uploads\/2024\/11\/type-SL1-wall-panel.jpeg\" \/>\n\t<meta property=\"og:image:width\" content=\"1200\" \/>\n\t<meta property=\"og:image:height\" content=\"1600\" \/>\n\t<meta property=\"og:image:type\" content=\"image\/jpeg\" \/>\n<meta name=\"twitter:card\" content=\"summary_large_image\" \/>\n<meta name=\"twitter:label1\" content=\"Gesch\u00e4tzte Lesezeit\" \/>\n\t<meta name=\"twitter:data1\" content=\"1 Minute\" \/>\n<script type=\"application\/ld+json\" class=\"yoast-schema-graph\">{\"@context\":\"https:\/\/schema.org\",\"@graph\":[{\"@type\":\"WebPage\",\"@id\":\"https:\/\/www.opikar.com\/de\/izdelek\/sl1\/\",\"url\":\"https:\/\/www.opikar.com\/de\/izdelek\/sl1\/\",\"name\":\"SL1 - OPIKAR\",\"isPartOf\":{\"@id\":\"https:\/\/www.opikar.com\/de\/#website\"},\"primaryImageOfPage\":{\"@id\":\"https:\/\/www.opikar.com\/de\/izdelek\/sl1\/#primaryimage\"},\"image\":{\"@id\":\"https:\/\/www.opikar.com\/de\/izdelek\/sl1\/#primaryimage\"},\"thumbnailUrl\":\"https:\/\/www.opikar.com\/wp-content\/uploads\/2024\/11\/type-SL1-wall-panel.jpeg\",\"datePublished\":\"2021-05-20T20:30:17+00:00\",\"dateModified\":\"2024-11-15T20:23:28+00:00\",\"breadcrumb\":{\"@id\":\"https:\/\/www.opikar.com\/de\/izdelek\/sl1\/#breadcrumb\"},\"inLanguage\":\"de\",\"potentialAction\":[{\"@type\":\"ReadAction\",\"target\":[\"https:\/\/www.opikar.com\/de\/izdelek\/sl1\/\"]}]},{\"@type\":\"ImageObject\",\"inLanguage\":\"de\",\"@id\":\"https:\/\/www.opikar.com\/de\/izdelek\/sl1\/#primaryimage\",\"url\":\"https:\/\/www.opikar.com\/wp-content\/uploads\/2024\/11\/type-SL1-wall-panel.jpeg\",\"contentUrl\":\"https:\/\/www.opikar.com\/wp-content\/uploads\/2024\/11\/type-SL1-wall-panel.jpeg\",\"width\":1200,\"height\":1600},{\"@type\":\"BreadcrumbList\",\"@id\":\"https:\/\/www.opikar.com\/de\/izdelek\/sl1\/#breadcrumb\",\"itemListElement\":[{\"@type\":\"ListItem\",\"position\":1,\"name\":\"Startseite\",\"item\":\"https:\/\/www.opikar.com\/de\/\"},{\"@type\":\"ListItem\",\"position\":2,\"name\":\"Shop\",\"item\":\"https:\/\/www.opikar.com\/de\/shop\/\"},{\"@type\":\"ListItem\",\"position\":3,\"name\":\"SL1\"}]},{\"@type\":\"WebSite\",\"@id\":\"https:\/\/www.opikar.com\/de\/#website\",\"url\":\"https:\/\/www.opikar.com\/de\/\",\"name\":\"OPIKAR\",\"description\":\"\",\"potentialAction\":[{\"@type\":\"SearchAction\",\"target\":{\"@type\":\"EntryPoint\",\"urlTemplate\":\"https:\/\/www.opikar.com\/de\/?s={search_term_string}\"},\"query-input\":\"required name=search_term_string\"}],\"inLanguage\":\"de\"}]}<\/script>\n<!-- \/ Yoast SEO plugin. -->","yoast_head_json":{"title":"SL1 - OPIKAR","robots":{"index":"index","follow":"follow","max-snippet":"max-snippet:-1","max-image-preview":"max-image-preview:large","max-video-preview":"max-video-preview:-1"},"canonical":"https:\/\/www.opikar.com\/de\/izdelek\/sl1\/","og_locale":"de_DE","og_type":"article","og_title":"SL1 - OPIKAR","og_description":"40 mm debeline  Dimenzije; \u0161irina 200-1000 mm, vi\u0161ina 200-3000 mm  CE oznaka  30 Pa testirano  Izdelano v skladu z GMP  ...","og_url":"https:\/\/www.opikar.com\/de\/izdelek\/sl1\/","og_site_name":"OPIKAR","article_modified_time":"2024-11-15T20:23:28+00:00","og_image":[{"width":1200,"height":1600,"url":"https:\/\/www.opikar.com\/wp-content\/uploads\/2024\/11\/type-SL1-wall-panel.jpeg","type":"image\/jpeg"}],"twitter_card":"summary_large_image","twitter_misc":{"Gesch\u00e4tzte Lesezeit":"1 Minute"},"schema":{"@context":"https:\/\/schema.org","@graph":[{"@type":"WebPage","@id":"https:\/\/www.opikar.com\/de\/izdelek\/sl1\/","url":"https:\/\/www.opikar.com\/de\/izdelek\/sl1\/","name":"SL1 - OPIKAR","isPartOf":{"@id":"https:\/\/www.opikar.com\/de\/#website"},"primaryImageOfPage":{"@id":"https:\/\/www.opikar.com\/de\/izdelek\/sl1\/#primaryimage"},"image":{"@id":"https:\/\/www.opikar.com\/de\/izdelek\/sl1\/#primaryimage"},"thumbnailUrl":"https:\/\/www.opikar.com\/wp-content\/uploads\/2024\/11\/type-SL1-wall-panel.jpeg","datePublished":"2021-05-20T20:30:17+00:00","dateModified":"2024-11-15T20:23:28+00:00","breadcrumb":{"@id":"https:\/\/www.opikar.com\/de\/izdelek\/sl1\/#breadcrumb"},"inLanguage":"de","potentialAction":[{"@type":"ReadAction","target":["https:\/\/www.opikar.com\/de\/izdelek\/sl1\/"]}]},{"@type":"ImageObject","inLanguage":"de","@id":"https:\/\/www.opikar.com\/de\/izdelek\/sl1\/#primaryimage","url":"https:\/\/www.opikar.com\/wp-content\/uploads\/2024\/11\/type-SL1-wall-panel.jpeg","contentUrl":"https:\/\/www.opikar.com\/wp-content\/uploads\/2024\/11\/type-SL1-wall-panel.jpeg","width":1200,"height":1600},{"@type":"BreadcrumbList","@id":"https:\/\/www.opikar.com\/de\/izdelek\/sl1\/#breadcrumb","itemListElement":[{"@type":"ListItem","position":1,"name":"Startseite","item":"https:\/\/www.opikar.com\/de\/"},{"@type":"ListItem","position":2,"name":"Shop","item":"https:\/\/www.opikar.com\/de\/shop\/"},{"@type":"ListItem","position":3,"name":"SL1"}]},{"@type":"WebSite","@id":"https:\/\/www.opikar.com\/de\/#website","url":"https:\/\/www.opikar.com\/de\/","name":"OPIKAR","description":"","potentialAction":[{"@type":"SearchAction","target":{"@type":"EntryPoint","urlTemplate":"https:\/\/www.opikar.com\/de\/?s={search_term_string}"},"query-input":"required name=search_term_string"}],"inLanguage":"de"}]}},"_links":{"self":[{"href":"https:\/\/www.opikar.com\/de\/wp-json\/wp\/v2\/product\/10634"}],"collection":[{"href":"https:\/\/www.opikar.com\/de\/wp-json\/wp\/v2\/product"}],"about":[{"href":"https:\/\/www.opikar.com\/de\/wp-json\/wp\/v2\/types\/product"}],"replies":[{"embeddable":true,"href":"https:\/\/www.opikar.com\/de\/wp-json\/wp\/v2\/comments?post=10634"}],"version-history":[{"count":3,"href":"https:\/\/www.opikar.com\/de\/wp-json\/wp\/v2\/product\/10634\/revisions"}],"predecessor-version":[{"id":11429,"href":"https:\/\/www.opikar.com\/de\/wp-json\/wp\/v2\/product\/10634\/revisions\/11429"}],"wp:featuredmedia":[{"embeddable":true,"href":"https:\/\/www.opikar.com\/de\/wp-json\/wp\/v2\/media\/9462"}],"wp:attachment":[{"href":"https:\/\/www.opikar.com\/de\/wp-json\/wp\/v2\/media?parent=10634"}],"wp:term":[{"taxonomy":"product_cat","embeddable":true,"href":"https:\/\/www.opikar.com\/de\/wp-json\/wp\/v2\/product_cat?post=10634"},{"taxonomy":"product_tag","embeddable":true,"href":"https:\/\/www.opikar.com\/de\/wp-json\/wp\/v2\/product_tag?post=10634"}],"curies":[{"name":"wp","href":"https:\/\/api.w.org\/{rel}","templated":true}]}}