{"id":10541,"date":"2021-05-20T20:50:23","date_gmt":"2021-05-20T20:50:23","guid":{"rendered":"https:\/\/www.opikar.com\/product\/hpl1-2\/"},"modified":"2024-11-15T20:15:53","modified_gmt":"2024-11-15T20:15:53","slug":"hpl1-2","status":"publish","type":"product","link":"https:\/\/www.opikar.com\/de\/produkt\/hpl1-2\/","title":{"rendered":"HPL1"},"content":{"rendered":"<div class=\"elementor-element elementor-element-920b599 description hide-on-select elementor-widget elementor-widget-text-editor\" data-id=\"920b599\" data-element_type=\"widget\" data-widget_type=\"text-editor.default\">\n<div class=\"elementor-widget-container\">\n<ul>\n<li>40 mm Dicke<\/li>\n<li>Dimensionen; Breite 200-1000 mm, H\u00f6he 200-3000 mm<\/li>\n<li>CE-Kennzeichnung<\/li>\n<li>30Pa getestet<\/li>\n<li>Handgemacht gem\u00e4\u00df GMP<\/li>\n<li>Feuerreaktion B-s2, d0<\/li>\n<li>Schalld\u00e4mmung Rw=33 dB, HRN EN ISO 717-1:1998<\/li>\n<li>6 mm HPL, EN 438-3<\/li>\n<li>Steinwolle 33 mm dicke Isolierung innen, Brandverhalten Euroklasse A1, EN 13501-1, hohe Dichte 100kg\/m3<\/li>\n<li>Rahmen aus gepresstem Aluminium AW6061T6 mit hoher St\u00e4rke<\/li>\n<li>0,8 mm verzinktes Stahlblech lackiert nach RAL-Karte<\/li>\n<li>Verkleidungsl\u00f6sung ohne R\u00fcckwand zur Kostenreduzierung<\/li>\n<li>Vertikale Verst\u00e4rkung innerhalb der Glasscheibe f\u00fcr Breite \u00fcber 600 mm<\/li>\n<li>Verst\u00e4rkungen aus verzinktem Stahl in der Glaswand f\u00fcr integrierte Ger\u00e4te<\/li>\n<li>Vorgefertigte L\u00f6cher f\u00fcr die Ausr\u00fcstung<\/li>\n<\/ul>\n<\/div>\n<\/div>\n","protected":false},"excerpt":{"rendered":"<ul>\n<li>40 mm Dicke<\/li>\n<li>Dimensionen; Breite 200-1000 mm, H\u00f6he 200-3000 mm<\/li>\n<li>CE-Kennzeichnung<\/li>\n<li>30 Pa getestet<\/li>\n<li>Handgemacht gem\u00e4\u00df GMP<\/li>\n<li>&#8230;<\/li>\n<\/ul>\n","protected":false},"featured_media":9487,"comment_status":"closed","ping_status":"closed","template":"","meta":{"_acf_changed":false},"product_cat":[176,171],"product_tag":[],"class_list":{"0":"post-10541","1":"product","2":"type-product","3":"status-publish","4":"has-post-thumbnail","6":"product_cat-hpl1-225e-m2-de","7":"product_cat-platten","9":"first","10":"instock","11":"shipping-taxable","12":"purchasable","13":"product-type-variable","14":"has-default-attributes"},"acf":[],"yoast_head":"<!-- This site is optimized with the Yoast SEO plugin v22.7 - https:\/\/yoast.com\/wordpress\/plugins\/seo\/ -->\n<title>HPL1 - OPIKAR<\/title>\n<meta name=\"robots\" content=\"index, follow, max-snippet:-1, max-image-preview:large, max-video-preview:-1\" \/>\n<link rel=\"canonical\" href=\"https:\/\/www.opikar.com\/de\/produkt\/hpl1-2\/\" \/>\n<meta property=\"og:locale\" content=\"de_DE\" \/>\n<meta property=\"og:type\" content=\"article\" \/>\n<meta property=\"og:title\" content=\"HPL1 - OPIKAR\" \/>\n<meta property=\"og:description\" content=\"40 mm Dicke  Dimensionen; Breite 200-1000 mm, H\u00f6he 200-3000 mm  CE-Kennzeichnung  30 Pa getestet  Handgemacht gem\u00e4\u00df GMP  ...\" \/>\n<meta property=\"og:url\" content=\"https:\/\/www.opikar.com\/de\/produkt\/hpl1-2\/\" \/>\n<meta property=\"og:site_name\" content=\"OPIKAR\" \/>\n<meta property=\"article:modified_time\" content=\"2024-11-15T20:15:53+00:00\" \/>\n<meta property=\"og:image\" content=\"https:\/\/www.opikar.com\/wp-content\/uploads\/2024\/11\/16.png\" \/>\n\t<meta property=\"og:image:width\" content=\"340\" \/>\n\t<meta property=\"og:image:height\" content=\"388\" \/>\n\t<meta property=\"og:image:type\" content=\"image\/png\" \/>\n<meta name=\"twitter:card\" content=\"summary_large_image\" \/>\n<meta name=\"twitter:label1\" content=\"Gesch\u00e4tzte Lesezeit\" \/>\n\t<meta name=\"twitter:data1\" content=\"1 Minute\" \/>\n<script type=\"application\/ld+json\" class=\"yoast-schema-graph\">{\"@context\":\"https:\/\/schema.org\",\"@graph\":[{\"@type\":\"WebPage\",\"@id\":\"https:\/\/www.opikar.com\/de\/produkt\/hpl1-2\/\",\"url\":\"https:\/\/www.opikar.com\/de\/produkt\/hpl1-2\/\",\"name\":\"HPL1 - OPIKAR\",\"isPartOf\":{\"@id\":\"https:\/\/www.opikar.com\/de\/#website\"},\"primaryImageOfPage\":{\"@id\":\"https:\/\/www.opikar.com\/de\/produkt\/hpl1-2\/#primaryimage\"},\"image\":{\"@id\":\"https:\/\/www.opikar.com\/de\/produkt\/hpl1-2\/#primaryimage\"},\"thumbnailUrl\":\"https:\/\/www.opikar.com\/wp-content\/uploads\/2024\/11\/16.png\",\"datePublished\":\"2021-05-20T20:50:23+00:00\",\"dateModified\":\"2024-11-15T20:15:53+00:00\",\"breadcrumb\":{\"@id\":\"https:\/\/www.opikar.com\/de\/produkt\/hpl1-2\/#breadcrumb\"},\"inLanguage\":\"de\",\"potentialAction\":[{\"@type\":\"ReadAction\",\"target\":[\"https:\/\/www.opikar.com\/de\/produkt\/hpl1-2\/\"]}]},{\"@type\":\"ImageObject\",\"inLanguage\":\"de\",\"@id\":\"https:\/\/www.opikar.com\/de\/produkt\/hpl1-2\/#primaryimage\",\"url\":\"https:\/\/www.opikar.com\/wp-content\/uploads\/2024\/11\/16.png\",\"contentUrl\":\"https:\/\/www.opikar.com\/wp-content\/uploads\/2024\/11\/16.png\",\"width\":340,\"height\":388},{\"@type\":\"BreadcrumbList\",\"@id\":\"https:\/\/www.opikar.com\/de\/produkt\/hpl1-2\/#breadcrumb\",\"itemListElement\":[{\"@type\":\"ListItem\",\"position\":1,\"name\":\"Startseite\",\"item\":\"https:\/\/www.opikar.com\/de\/\"},{\"@type\":\"ListItem\",\"position\":2,\"name\":\"Shop\",\"item\":\"https:\/\/www.opikar.com\/de\/shop\/\"},{\"@type\":\"ListItem\",\"position\":3,\"name\":\"HPL1\"}]},{\"@type\":\"WebSite\",\"@id\":\"https:\/\/www.opikar.com\/de\/#website\",\"url\":\"https:\/\/www.opikar.com\/de\/\",\"name\":\"OPIKAR\",\"description\":\"\",\"potentialAction\":[{\"@type\":\"SearchAction\",\"target\":{\"@type\":\"EntryPoint\",\"urlTemplate\":\"https:\/\/www.opikar.com\/de\/?s={search_term_string}\"},\"query-input\":\"required name=search_term_string\"}],\"inLanguage\":\"de\"}]}<\/script>\n<!-- \/ Yoast SEO plugin. -->","yoast_head_json":{"title":"HPL1 - OPIKAR","robots":{"index":"index","follow":"follow","max-snippet":"max-snippet:-1","max-image-preview":"max-image-preview:large","max-video-preview":"max-video-preview:-1"},"canonical":"https:\/\/www.opikar.com\/de\/produkt\/hpl1-2\/","og_locale":"de_DE","og_type":"article","og_title":"HPL1 - OPIKAR","og_description":"40 mm Dicke  Dimensionen; Breite 200-1000 mm, H\u00f6he 200-3000 mm  CE-Kennzeichnung  30 Pa getestet  Handgemacht gem\u00e4\u00df GMP  ...","og_url":"https:\/\/www.opikar.com\/de\/produkt\/hpl1-2\/","og_site_name":"OPIKAR","article_modified_time":"2024-11-15T20:15:53+00:00","og_image":[{"width":340,"height":388,"url":"https:\/\/www.opikar.com\/wp-content\/uploads\/2024\/11\/16.png","type":"image\/png"}],"twitter_card":"summary_large_image","twitter_misc":{"Gesch\u00e4tzte Lesezeit":"1 Minute"},"schema":{"@context":"https:\/\/schema.org","@graph":[{"@type":"WebPage","@id":"https:\/\/www.opikar.com\/de\/produkt\/hpl1-2\/","url":"https:\/\/www.opikar.com\/de\/produkt\/hpl1-2\/","name":"HPL1 - OPIKAR","isPartOf":{"@id":"https:\/\/www.opikar.com\/de\/#website"},"primaryImageOfPage":{"@id":"https:\/\/www.opikar.com\/de\/produkt\/hpl1-2\/#primaryimage"},"image":{"@id":"https:\/\/www.opikar.com\/de\/produkt\/hpl1-2\/#primaryimage"},"thumbnailUrl":"https:\/\/www.opikar.com\/wp-content\/uploads\/2024\/11\/16.png","datePublished":"2021-05-20T20:50:23+00:00","dateModified":"2024-11-15T20:15:53+00:00","breadcrumb":{"@id":"https:\/\/www.opikar.com\/de\/produkt\/hpl1-2\/#breadcrumb"},"inLanguage":"de","potentialAction":[{"@type":"ReadAction","target":["https:\/\/www.opikar.com\/de\/produkt\/hpl1-2\/"]}]},{"@type":"ImageObject","inLanguage":"de","@id":"https:\/\/www.opikar.com\/de\/produkt\/hpl1-2\/#primaryimage","url":"https:\/\/www.opikar.com\/wp-content\/uploads\/2024\/11\/16.png","contentUrl":"https:\/\/www.opikar.com\/wp-content\/uploads\/2024\/11\/16.png","width":340,"height":388},{"@type":"BreadcrumbList","@id":"https:\/\/www.opikar.com\/de\/produkt\/hpl1-2\/#breadcrumb","itemListElement":[{"@type":"ListItem","position":1,"name":"Startseite","item":"https:\/\/www.opikar.com\/de\/"},{"@type":"ListItem","position":2,"name":"Shop","item":"https:\/\/www.opikar.com\/de\/shop\/"},{"@type":"ListItem","position":3,"name":"HPL1"}]},{"@type":"WebSite","@id":"https:\/\/www.opikar.com\/de\/#website","url":"https:\/\/www.opikar.com\/de\/","name":"OPIKAR","description":"","potentialAction":[{"@type":"SearchAction","target":{"@type":"EntryPoint","urlTemplate":"https:\/\/www.opikar.com\/de\/?s={search_term_string}"},"query-input":"required name=search_term_string"}],"inLanguage":"de"}]}},"_links":{"self":[{"href":"https:\/\/www.opikar.com\/de\/wp-json\/wp\/v2\/product\/10541"}],"collection":[{"href":"https:\/\/www.opikar.com\/de\/wp-json\/wp\/v2\/product"}],"about":[{"href":"https:\/\/www.opikar.com\/de\/wp-json\/wp\/v2\/types\/product"}],"replies":[{"embeddable":true,"href":"https:\/\/www.opikar.com\/de\/wp-json\/wp\/v2\/comments?post=10541"}],"version-history":[{"count":2,"href":"https:\/\/www.opikar.com\/de\/wp-json\/wp\/v2\/product\/10541\/revisions"}],"predecessor-version":[{"id":11423,"href":"https:\/\/www.opikar.com\/de\/wp-json\/wp\/v2\/product\/10541\/revisions\/11423"}],"wp:featuredmedia":[{"embeddable":true,"href":"https:\/\/www.opikar.com\/de\/wp-json\/wp\/v2\/media\/9487"}],"wp:attachment":[{"href":"https:\/\/www.opikar.com\/de\/wp-json\/wp\/v2\/media?parent=10541"}],"wp:term":[{"taxonomy":"product_cat","embeddable":true,"href":"https:\/\/www.opikar.com\/de\/wp-json\/wp\/v2\/product_cat?post=10541"},{"taxonomy":"product_tag","embeddable":true,"href":"https:\/\/www.opikar.com\/de\/wp-json\/wp\/v2\/product_tag?post=10541"}],"curies":[{"name":"wp","href":"https:\/\/api.w.org\/{rel}","templated":true}]}}