{"id":10487,"date":"2021-05-22T19:43:06","date_gmt":"2021-05-22T19:43:06","guid":{"rendered":"https:\/\/www.opikar.com\/product\/lcd-bedienfeld\/"},"modified":"2024-11-15T18:51:55","modified_gmt":"2024-11-15T18:51:55","slug":"lcd-bedienfeld","status":"publish","type":"product","link":"https:\/\/www.opikar.com\/de\/produkt\/lcd-bedienfeld\/","title":{"rendered":"LCD-Bedienfeld"},"content":{"rendered":"<div class=\"elementor-element elementor-element-82a778d description hide-on-select elementor-widget elementor-widget-text-editor\" data-id=\"82a778d\" data-element_type=\"widget\" data-widget_type=\"text-editor.default\">\n<div class=\"elementor-widget-container\">\n<ul>\n<li>19\u201c Anzeige<\/li>\n<li>Verschiedene Gr\u00f6\u00dfen erh\u00e4ltlich<\/li>\n<li>OT-Besetztlampe EIN\/AUS-Steuerung<\/li>\n<li>Bedienung Lichtsteuerung\/Dimmer Funktion<\/li>\n<li>Allgemeinlichtsteuerung\/Dimmer Funktion<\/li>\n<li>Horizontale LED-Wandbeleuchtungssteuerung\/ Dimmerfunktion<\/li>\n<li>EIN\/AUS-Steuerung der R\u00f6ntgenlampe<\/li>\n<li>UV-Lampensteuerung<\/li>\n<li>Zeit Datum<\/li>\n<li>Steuerung der AHU-Einheit<\/li>\n<li>Kontrolle der An\u00e4sthesie-Gassp\u00fclung<\/li>\n<li>D\u00e4mpfer EIN\/AUS-Steuerung<\/li>\n<li>Temperatur- und Feuchtigkeitskontrolle<\/li>\n<li>Differenzdruck- und HEPA-Filter S\u00e4ttigungskontrolle<\/li>\n<li>\u00dcberwachung des Gasdruckstatus<\/li>\n<li>Chronometer<\/li>\n<li>Automatische T\u00fcrsteuerung<\/li>\n<li>T\u00fcr\u00f6ffnung bei Besetzt deaktivieren<\/li>\n<li>MP3 player<\/li>\n<\/ul>\n<\/div>\n<\/div>\n","protected":false},"excerpt":{"rendered":"<ul>\n<li>19\u201c Anzeige<\/li>\n<li>Verschiedene Gr\u00f6\u00dfen erh\u00e4ltlich<\/li>\n<li>OT-Besetztlampe EIN\/AUS-Steuerung<\/li>\n<li>Bedienung Lichtsteuerung\/Dimmer Funktion<\/li>\n<li>Allgemeinlichtsteuerung\/Dimmer Funktion<\/li>\n<li>&#8230;<\/li>\n<\/ul>\n","protected":false},"featured_media":9530,"comment_status":"closed","ping_status":"closed","template":"","meta":{"_acf_changed":false},"product_cat":[175],"product_tag":[],"class_list":{"0":"post-10487","1":"product","2":"type-product","3":"status-publish","4":"has-post-thumbnail","6":"product_cat-ausrustung","8":"first","9":"instock","10":"shipping-taxable","11":"purchasable","12":"product-type-simple"},"acf":[],"yoast_head":"<!-- This site is optimized with the Yoast SEO plugin v22.7 - https:\/\/yoast.com\/wordpress\/plugins\/seo\/ -->\n<title>LCD-Bedienfeld - OPIKAR<\/title>\n<meta name=\"robots\" content=\"index, follow, max-snippet:-1, max-image-preview:large, max-video-preview:-1\" \/>\n<link rel=\"canonical\" href=\"https:\/\/www.opikar.com\/de\/produkt\/lcd-bedienfeld\/\" \/>\n<meta property=\"og:locale\" content=\"de_DE\" \/>\n<meta property=\"og:type\" content=\"article\" \/>\n<meta property=\"og:title\" content=\"LCD-Bedienfeld - OPIKAR\" \/>\n<meta property=\"og:description\" content=\"19\u201c Anzeige  Verschiedene Gr\u00f6\u00dfen erh\u00e4ltlich  OT-Besetztlampe EIN\/AUS-Steuerung  Bedienung Lichtsteuerung\/Dimmer Funktion  Allgemeinlichtsteuerung\/Dimmer Funktion  ...\" \/>\n<meta property=\"og:url\" content=\"https:\/\/www.opikar.com\/de\/produkt\/lcd-bedienfeld\/\" \/>\n<meta property=\"og:site_name\" content=\"OPIKAR\" \/>\n<meta property=\"article:modified_time\" content=\"2024-11-15T18:51:55+00:00\" \/>\n<meta property=\"og:image\" content=\"https:\/\/www.opikar.com\/wp-content\/uploads\/2024\/11\/V2-scaled-1.jpg\" \/>\n\t<meta property=\"og:image:width\" content=\"2560\" \/>\n\t<meta property=\"og:image:height\" content=\"2237\" \/>\n\t<meta property=\"og:image:type\" content=\"image\/jpeg\" \/>\n<meta name=\"twitter:card\" content=\"summary_large_image\" \/>\n<script type=\"application\/ld+json\" class=\"yoast-schema-graph\">{\"@context\":\"https:\/\/schema.org\",\"@graph\":[{\"@type\":\"WebPage\",\"@id\":\"https:\/\/www.opikar.com\/de\/produkt\/lcd-bedienfeld\/\",\"url\":\"https:\/\/www.opikar.com\/de\/produkt\/lcd-bedienfeld\/\",\"name\":\"LCD-Bedienfeld - OPIKAR\",\"isPartOf\":{\"@id\":\"https:\/\/www.opikar.com\/de\/#website\"},\"primaryImageOfPage\":{\"@id\":\"https:\/\/www.opikar.com\/de\/produkt\/lcd-bedienfeld\/#primaryimage\"},\"image\":{\"@id\":\"https:\/\/www.opikar.com\/de\/produkt\/lcd-bedienfeld\/#primaryimage\"},\"thumbnailUrl\":\"https:\/\/www.opikar.com\/wp-content\/uploads\/2024\/11\/V2-scaled-1.jpg\",\"datePublished\":\"2021-05-22T19:43:06+00:00\",\"dateModified\":\"2024-11-15T18:51:55+00:00\",\"breadcrumb\":{\"@id\":\"https:\/\/www.opikar.com\/de\/produkt\/lcd-bedienfeld\/#breadcrumb\"},\"inLanguage\":\"de\",\"potentialAction\":[{\"@type\":\"ReadAction\",\"target\":[\"https:\/\/www.opikar.com\/de\/produkt\/lcd-bedienfeld\/\"]}]},{\"@type\":\"ImageObject\",\"inLanguage\":\"de\",\"@id\":\"https:\/\/www.opikar.com\/de\/produkt\/lcd-bedienfeld\/#primaryimage\",\"url\":\"https:\/\/www.opikar.com\/wp-content\/uploads\/2024\/11\/V2-scaled-1.jpg\",\"contentUrl\":\"https:\/\/www.opikar.com\/wp-content\/uploads\/2024\/11\/V2-scaled-1.jpg\",\"width\":2560,\"height\":2237},{\"@type\":\"BreadcrumbList\",\"@id\":\"https:\/\/www.opikar.com\/de\/produkt\/lcd-bedienfeld\/#breadcrumb\",\"itemListElement\":[{\"@type\":\"ListItem\",\"position\":1,\"name\":\"Startseite\",\"item\":\"https:\/\/www.opikar.com\/de\/\"},{\"@type\":\"ListItem\",\"position\":2,\"name\":\"Shop\",\"item\":\"https:\/\/www.opikar.com\/de\/shop\/\"},{\"@type\":\"ListItem\",\"position\":3,\"name\":\"LCD-Bedienfeld\"}]},{\"@type\":\"WebSite\",\"@id\":\"https:\/\/www.opikar.com\/de\/#website\",\"url\":\"https:\/\/www.opikar.com\/de\/\",\"name\":\"OPIKAR\",\"description\":\"\",\"potentialAction\":[{\"@type\":\"SearchAction\",\"target\":{\"@type\":\"EntryPoint\",\"urlTemplate\":\"https:\/\/www.opikar.com\/de\/?s={search_term_string}\"},\"query-input\":\"required name=search_term_string\"}],\"inLanguage\":\"de\"}]}<\/script>\n<!-- \/ Yoast SEO plugin. -->","yoast_head_json":{"title":"LCD-Bedienfeld - OPIKAR","robots":{"index":"index","follow":"follow","max-snippet":"max-snippet:-1","max-image-preview":"max-image-preview:large","max-video-preview":"max-video-preview:-1"},"canonical":"https:\/\/www.opikar.com\/de\/produkt\/lcd-bedienfeld\/","og_locale":"de_DE","og_type":"article","og_title":"LCD-Bedienfeld - OPIKAR","og_description":"19\u201c Anzeige  Verschiedene Gr\u00f6\u00dfen erh\u00e4ltlich  OT-Besetztlampe EIN\/AUS-Steuerung  Bedienung Lichtsteuerung\/Dimmer Funktion  Allgemeinlichtsteuerung\/Dimmer Funktion  ...","og_url":"https:\/\/www.opikar.com\/de\/produkt\/lcd-bedienfeld\/","og_site_name":"OPIKAR","article_modified_time":"2024-11-15T18:51:55+00:00","og_image":[{"width":2560,"height":2237,"url":"https:\/\/www.opikar.com\/wp-content\/uploads\/2024\/11\/V2-scaled-1.jpg","type":"image\/jpeg"}],"twitter_card":"summary_large_image","schema":{"@context":"https:\/\/schema.org","@graph":[{"@type":"WebPage","@id":"https:\/\/www.opikar.com\/de\/produkt\/lcd-bedienfeld\/","url":"https:\/\/www.opikar.com\/de\/produkt\/lcd-bedienfeld\/","name":"LCD-Bedienfeld - OPIKAR","isPartOf":{"@id":"https:\/\/www.opikar.com\/de\/#website"},"primaryImageOfPage":{"@id":"https:\/\/www.opikar.com\/de\/produkt\/lcd-bedienfeld\/#primaryimage"},"image":{"@id":"https:\/\/www.opikar.com\/de\/produkt\/lcd-bedienfeld\/#primaryimage"},"thumbnailUrl":"https:\/\/www.opikar.com\/wp-content\/uploads\/2024\/11\/V2-scaled-1.jpg","datePublished":"2021-05-22T19:43:06+00:00","dateModified":"2024-11-15T18:51:55+00:00","breadcrumb":{"@id":"https:\/\/www.opikar.com\/de\/produkt\/lcd-bedienfeld\/#breadcrumb"},"inLanguage":"de","potentialAction":[{"@type":"ReadAction","target":["https:\/\/www.opikar.com\/de\/produkt\/lcd-bedienfeld\/"]}]},{"@type":"ImageObject","inLanguage":"de","@id":"https:\/\/www.opikar.com\/de\/produkt\/lcd-bedienfeld\/#primaryimage","url":"https:\/\/www.opikar.com\/wp-content\/uploads\/2024\/11\/V2-scaled-1.jpg","contentUrl":"https:\/\/www.opikar.com\/wp-content\/uploads\/2024\/11\/V2-scaled-1.jpg","width":2560,"height":2237},{"@type":"BreadcrumbList","@id":"https:\/\/www.opikar.com\/de\/produkt\/lcd-bedienfeld\/#breadcrumb","itemListElement":[{"@type":"ListItem","position":1,"name":"Startseite","item":"https:\/\/www.opikar.com\/de\/"},{"@type":"ListItem","position":2,"name":"Shop","item":"https:\/\/www.opikar.com\/de\/shop\/"},{"@type":"ListItem","position":3,"name":"LCD-Bedienfeld"}]},{"@type":"WebSite","@id":"https:\/\/www.opikar.com\/de\/#website","url":"https:\/\/www.opikar.com\/de\/","name":"OPIKAR","description":"","potentialAction":[{"@type":"SearchAction","target":{"@type":"EntryPoint","urlTemplate":"https:\/\/www.opikar.com\/de\/?s={search_term_string}"},"query-input":"required name=search_term_string"}],"inLanguage":"de"}]}},"_links":{"self":[{"href":"https:\/\/www.opikar.com\/de\/wp-json\/wp\/v2\/product\/10487"}],"collection":[{"href":"https:\/\/www.opikar.com\/de\/wp-json\/wp\/v2\/product"}],"about":[{"href":"https:\/\/www.opikar.com\/de\/wp-json\/wp\/v2\/types\/product"}],"replies":[{"embeddable":true,"href":"https:\/\/www.opikar.com\/de\/wp-json\/wp\/v2\/comments?post=10487"}],"version-history":[{"count":2,"href":"https:\/\/www.opikar.com\/de\/wp-json\/wp\/v2\/product\/10487\/revisions"}],"predecessor-version":[{"id":11406,"href":"https:\/\/www.opikar.com\/de\/wp-json\/wp\/v2\/product\/10487\/revisions\/11406"}],"wp:featuredmedia":[{"embeddable":true,"href":"https:\/\/www.opikar.com\/de\/wp-json\/wp\/v2\/media\/9530"}],"wp:attachment":[{"href":"https:\/\/www.opikar.com\/de\/wp-json\/wp\/v2\/media?parent=10487"}],"wp:term":[{"taxonomy":"product_cat","embeddable":true,"href":"https:\/\/www.opikar.com\/de\/wp-json\/wp\/v2\/product_cat?post=10487"},{"taxonomy":"product_tag","embeddable":true,"href":"https:\/\/www.opikar.com\/de\/wp-json\/wp\/v2\/product_tag?post=10487"}],"curies":[{"name":"wp","href":"https:\/\/api.w.org\/{rel}","templated":true}]}}