{"id":11070,"date":"2024-03-12T14:23:51","date_gmt":"2024-03-12T14:23:51","guid":{"rendered":"https:\/\/www.opikar.com\/umweltbewusstsein\/"},"modified":"2024-11-14T12:23:26","modified_gmt":"2024-11-14T12:23:26","slug":"umweltbewusstsein","status":"publish","type":"page","link":"https:\/\/www.opikar.com\/de\/umweltbewusstsein\/","title":{"rendered":"Umweltbewusstsein"},"content":{"rendered":"\t\t<div data-elementor-type=\"wp-page\" data-elementor-id=\"11070\" class=\"elementor elementor-11070 elementor-2186\" data-elementor-post-type=\"page\">\n\t\t\t\t<div class=\"elementor-element elementor-element-0d38f6f e-flex e-con-boxed e-con e-parent\" data-id=\"0d38f6f\" data-element_type=\"container\">\n\t\t\t\t\t<div class=\"e-con-inner\">\n\t\t\t\t<div class=\"elementor-element elementor-element-386b199 color-scheme-inherit text-left elementor-widget elementor-widget-text-editor\" data-id=\"386b199\" data-element_type=\"widget\" data-widget_type=\"text-editor.default\">\n\t\t\t\t<div class=\"elementor-widget-container\">\n\t\t\t\t\t\t\t<ul>\n<li>Ein Partner bei der Dekarbonisierung der Luft mit reduziertem CO2-Aussto\u00df, ein Partner f\u00fcr gr\u00fcne und nachhaltige Technologien, mit einem wichtigen Schritt zur nachhaltigen Selbstversorgung und Energieunabh\u00e4ngigkeit, ein Partner mit hochwertiger Luftbehandlung gem\u00e4\u00df HVAC-Technologie und anspruchsvollster Luftfilterung, ein Partner, dem die Zukunft unseres Planeten wichtig ist.<\/li>\n<li>\u00d6KO-Partner<\/li>\n<li>Unser Geb\u00e4ude ist mit einer Photovoltaikanlage bedeckt, welche unseren Bedarf an Elektrizit\u00e4t deckt (sowohl f\u00fcr denProduktionsprozess als auch die Dienstfahrzeuge). Wir verf\u00fcgen \u00fcber einen Holzofen bzw. dessen Holzabf\u00e4lle aus dem Produktionsprozess, die wir zur Heizung des Geb\u00e4udes und zur Bereitstellung von Warmwasser nutzen, wobei der \u00dcberschuss f\u00fcr die Produktionsst\u00e4tten in der n\u00e4heren Umgebung der Halle verwendet wird.<\/li>\n<li>Alle Produktionsmaschinen \u2013 S\u00e4gen, CNC-Bohr- und Fr\u00e4smaschinen, Schleifmaschinen, Abkantmaschinen und Pressen \u2013 verf\u00fcgen \u00fcber eine eigene Luftabsaugung, die nach der Filterung als saubere Luft in die R\u00e4ume zur\u00fcckgef\u00fchrt wird \u2013 weil uns unsere Mitarbeiter wichtig sind.<\/li>\n<li>Wir sind ein energieeffizientes Unternehmen.<\/li>\n<li>In der OPIKAR-Gruppe haben wir die Qualit\u00e4tsstandards ISO 9001, ISO 14001, ISO 45001 und ISO 3834-2 implementiert. Wir werden im neu gegr\u00fcndeten Unternehmen weiterhin gem\u00e4\u00df den bestehenden Standards arbeiten und einige davon auch in Zukunft zertifizieren. <\/li>\n<li>Wir sind Ihr Partner und nicht nur der Dienstleister!<\/li>\n<\/ul>\n\t\t\t\t\t\t<\/div>\n\t\t\t\t<\/div>\n\t\t\t\t\t<\/div>\n\t\t\t\t<\/div>\n\t\t\t\t<\/div>\n\t\t","protected":false},"excerpt":{"rendered":"<p>Ein Partner bei der Dekarbonisierung der Luft mit reduziertem CO2-Aussto\u00df, ein Partner f\u00fcr gr\u00fcne und nachhaltige Technologien, mit einem wichtigen<\/p>\n","protected":false},"author":1,"featured_media":0,"parent":0,"menu_order":0,"comment_status":"closed","ping_status":"closed","template":"elementor_header_footer","meta":{"_acf_changed":false,"footnotes":""},"class_list":["post-11070","page","type-page","status-publish","hentry"],"acf":[],"yoast_head":"<!-- This site is optimized with the Yoast SEO plugin v22.7 - https:\/\/yoast.com\/wordpress\/plugins\/seo\/ -->\n<title>Umweltbewusstsein - OPIKAR<\/title>\n<meta name=\"description\" content=\"Wir engagieren uns f\u00fcr eine nachhaltige Entwicklung und achten bei all unseren Aktivit\u00e4ten auf die Umwelt, von der Auswahl der Materialien bis hin zu den Produktionsprozessen.\" \/>\n<meta name=\"robots\" content=\"index, follow, max-snippet:-1, max-image-preview:large, max-video-preview:-1\" \/>\n<link rel=\"canonical\" href=\"https:\/\/www.opikar.com\/de\/umweltbewusstsein\/\" \/>\n<meta property=\"og:locale\" content=\"de_DE\" \/>\n<meta property=\"og:type\" content=\"article\" \/>\n<meta property=\"og:title\" content=\"Umweltbewusstsein - OPIKAR\" \/>\n<meta property=\"og:description\" content=\"Wir engagieren uns f\u00fcr eine nachhaltige Entwicklung und achten bei all unseren Aktivit\u00e4ten auf die Umwelt, von der Auswahl der Materialien bis hin zu den Produktionsprozessen.\" \/>\n<meta property=\"og:url\" content=\"https:\/\/www.opikar.com\/de\/umweltbewusstsein\/\" \/>\n<meta property=\"og:site_name\" content=\"OPIKAR\" \/>\n<meta property=\"article:modified_time\" content=\"2024-11-14T12:23:26+00:00\" \/>\n<meta name=\"twitter:card\" content=\"summary_large_image\" \/>\n<meta name=\"twitter:label1\" content=\"Gesch\u00e4tzte Lesezeit\" \/>\n\t<meta name=\"twitter:data1\" content=\"1 Minute\" \/>\n<script type=\"application\/ld+json\" class=\"yoast-schema-graph\">{\"@context\":\"https:\/\/schema.org\",\"@graph\":[{\"@type\":\"WebPage\",\"@id\":\"https:\/\/www.opikar.com\/de\/umweltbewusstsein\/\",\"url\":\"https:\/\/www.opikar.com\/de\/umweltbewusstsein\/\",\"name\":\"Umweltbewusstsein - OPIKAR\",\"isPartOf\":{\"@id\":\"https:\/\/www.opikar.com\/de\/#website\"},\"datePublished\":\"2024-03-12T14:23:51+00:00\",\"dateModified\":\"2024-11-14T12:23:26+00:00\",\"description\":\"Wir engagieren uns f\u00fcr eine nachhaltige Entwicklung und achten bei all unseren Aktivit\u00e4ten auf die Umwelt, von der Auswahl der Materialien bis hin zu den Produktionsprozessen.\",\"breadcrumb\":{\"@id\":\"https:\/\/www.opikar.com\/de\/umweltbewusstsein\/#breadcrumb\"},\"inLanguage\":\"de\",\"potentialAction\":[{\"@type\":\"ReadAction\",\"target\":[\"https:\/\/www.opikar.com\/de\/umweltbewusstsein\/\"]}]},{\"@type\":\"BreadcrumbList\",\"@id\":\"https:\/\/www.opikar.com\/de\/umweltbewusstsein\/#breadcrumb\",\"itemListElement\":[{\"@type\":\"ListItem\",\"position\":1,\"name\":\"Startseite\",\"item\":\"https:\/\/www.opikar.com\/de\/\"},{\"@type\":\"ListItem\",\"position\":2,\"name\":\"Umweltbewusstsein\"}]},{\"@type\":\"WebSite\",\"@id\":\"https:\/\/www.opikar.com\/de\/#website\",\"url\":\"https:\/\/www.opikar.com\/de\/\",\"name\":\"OPIKAR\",\"description\":\"\",\"potentialAction\":[{\"@type\":\"SearchAction\",\"target\":{\"@type\":\"EntryPoint\",\"urlTemplate\":\"https:\/\/www.opikar.com\/de\/?s={search_term_string}\"},\"query-input\":\"required name=search_term_string\"}],\"inLanguage\":\"de\"}]}<\/script>\n<!-- \/ Yoast SEO plugin. -->","yoast_head_json":{"title":"Umweltbewusstsein - OPIKAR","description":"Wir engagieren uns f\u00fcr eine nachhaltige Entwicklung und achten bei all unseren Aktivit\u00e4ten auf die Umwelt, von der Auswahl der Materialien bis hin zu den Produktionsprozessen.","robots":{"index":"index","follow":"follow","max-snippet":"max-snippet:-1","max-image-preview":"max-image-preview:large","max-video-preview":"max-video-preview:-1"},"canonical":"https:\/\/www.opikar.com\/de\/umweltbewusstsein\/","og_locale":"de_DE","og_type":"article","og_title":"Umweltbewusstsein - OPIKAR","og_description":"Wir engagieren uns f\u00fcr eine nachhaltige Entwicklung und achten bei all unseren Aktivit\u00e4ten auf die Umwelt, von der Auswahl der Materialien bis hin zu den Produktionsprozessen.","og_url":"https:\/\/www.opikar.com\/de\/umweltbewusstsein\/","og_site_name":"OPIKAR","article_modified_time":"2024-11-14T12:23:26+00:00","twitter_card":"summary_large_image","twitter_misc":{"Gesch\u00e4tzte Lesezeit":"1 Minute"},"schema":{"@context":"https:\/\/schema.org","@graph":[{"@type":"WebPage","@id":"https:\/\/www.opikar.com\/de\/umweltbewusstsein\/","url":"https:\/\/www.opikar.com\/de\/umweltbewusstsein\/","name":"Umweltbewusstsein - OPIKAR","isPartOf":{"@id":"https:\/\/www.opikar.com\/de\/#website"},"datePublished":"2024-03-12T14:23:51+00:00","dateModified":"2024-11-14T12:23:26+00:00","description":"Wir engagieren uns f\u00fcr eine nachhaltige Entwicklung und achten bei all unseren Aktivit\u00e4ten auf die Umwelt, von der Auswahl der Materialien bis hin zu den Produktionsprozessen.","breadcrumb":{"@id":"https:\/\/www.opikar.com\/de\/umweltbewusstsein\/#breadcrumb"},"inLanguage":"de","potentialAction":[{"@type":"ReadAction","target":["https:\/\/www.opikar.com\/de\/umweltbewusstsein\/"]}]},{"@type":"BreadcrumbList","@id":"https:\/\/www.opikar.com\/de\/umweltbewusstsein\/#breadcrumb","itemListElement":[{"@type":"ListItem","position":1,"name":"Startseite","item":"https:\/\/www.opikar.com\/de\/"},{"@type":"ListItem","position":2,"name":"Umweltbewusstsein"}]},{"@type":"WebSite","@id":"https:\/\/www.opikar.com\/de\/#website","url":"https:\/\/www.opikar.com\/de\/","name":"OPIKAR","description":"","potentialAction":[{"@type":"SearchAction","target":{"@type":"EntryPoint","urlTemplate":"https:\/\/www.opikar.com\/de\/?s={search_term_string}"},"query-input":"required name=search_term_string"}],"inLanguage":"de"}]}},"_links":{"self":[{"href":"https:\/\/www.opikar.com\/de\/wp-json\/wp\/v2\/pages\/11070"}],"collection":[{"href":"https:\/\/www.opikar.com\/de\/wp-json\/wp\/v2\/pages"}],"about":[{"href":"https:\/\/www.opikar.com\/de\/wp-json\/wp\/v2\/types\/page"}],"author":[{"embeddable":true,"href":"https:\/\/www.opikar.com\/de\/wp-json\/wp\/v2\/users\/1"}],"replies":[{"embeddable":true,"href":"https:\/\/www.opikar.com\/de\/wp-json\/wp\/v2\/comments?post=11070"}],"version-history":[{"count":1,"href":"https:\/\/www.opikar.com\/de\/wp-json\/wp\/v2\/pages\/11070\/revisions"}],"predecessor-version":[{"id":11071,"href":"https:\/\/www.opikar.com\/de\/wp-json\/wp\/v2\/pages\/11070\/revisions\/11071"}],"wp:attachment":[{"href":"https:\/\/www.opikar.com\/de\/wp-json\/wp\/v2\/media?parent=11070"}],"curies":[{"name":"wp","href":"https:\/\/api.w.org\/{rel}","templated":true}]}}